{"id":10,"date":"2023-01-24T08:09:48","date_gmt":"2023-01-24T08:09:48","guid":{"rendered":"https:\/\/demosites.royal-elementor-addons.com\/car-repair-v1\/?page_id=10"},"modified":"2026-03-15T17:15:22","modified_gmt":"2026-03-15T17:15:22","slug":"services","status":"publish","type":"page","link":"https:\/\/metalvedelem.hu\/?page_id=10","title":{"rendered":"Aj\u00e1nlatk\u00e9r\u00e9s"},"content":{"rendered":"\t\t<div data-elementor-type=\"wp-page\" data-elementor-id=\"10\" class=\"elementor elementor-10\">\n\t\t\t\t<div class=\"elementor-element elementor-element-4d2f79890 e-con-full e-flex wpr-particle-no wpr-jarallax-no wpr-parallax-no wpr-sticky-section-no wpr-equal-height-no e-con e-parent\" data-id=\"4d2f79890\" data-element_type=\"container\" data-e-type=\"container\">\n\t\t<div class=\"elementor-element elementor-element-55602b48 e-flex e-con-boxed wpr-particle-no wpr-jarallax-no wpr-parallax-no wpr-sticky-section-no wpr-equal-height-no e-con e-child\" data-id=\"55602b48\" data-element_type=\"container\" data-e-type=\"container\" data-settings=\"{&quot;background_background&quot;:&quot;classic&quot;}\">\n\t\t\t\t\t<div class=\"e-con-inner\">\n\t\t<div class=\"elementor-element elementor-element-1e016e03 e-con-full e-flex wpr-particle-no wpr-jarallax-no wpr-parallax-no wpr-sticky-section-no wpr-equal-height-no e-con e-child\" data-id=\"1e016e03\" data-element_type=\"container\" data-e-type=\"container\">\n\t\t\t\t<div class=\"elementor-element elementor-element-27e9ef0e elementor-widget elementor-widget-heading\" data-id=\"27e9ef0e\" data-element_type=\"widget\" data-e-type=\"widget\" data-widget_type=\"heading.default\">\n\t\t\t\t\t<h2 class=\"elementor-heading-title elementor-size-default\">Aj\u00e1nlatk\u00e9r\u00e9s<\/h2>\t\t\t\t<\/div>\n\t\t\t\t<\/div>\n\t\t\t\t\t<\/div>\n\t\t\t\t<\/div>\n\t\t\t\t<\/div>\n\t\t<div class=\"elementor-element elementor-element-3db97380 e-flex e-con-boxed wpr-particle-no wpr-jarallax-no wpr-parallax-no wpr-sticky-section-no wpr-equal-height-no e-con e-parent\" data-id=\"3db97380\" data-element_type=\"container\" data-e-type=\"container\">\n\t\t\t\t\t<div class=\"e-con-inner\">\n\t\t\t\t<div class=\"elementor-element elementor-element-0153d5d elementor-widget__width-initial elementor-widget elementor-widget-formidable\" data-id=\"0153d5d\" data-element_type=\"widget\" data-e-type=\"widget\" data-widget_type=\"formidable.default\">\n\t\t\t\t<div class=\"elementor-widget-container\">\n\t\t\t\t\t<div class=\"frm_forms  with_frm_style frm_style_formidable-style\" id=\"frm_form_1_container\" >\n<form enctype=\"multipart\/form-data\" method=\"post\" class=\"frm-show-form \" id=\"form_contact-form\" >\n<div class=\"frm_form_fields \">\n<fieldset>\n<legend class=\"frm_screen_reader\">Kapcsolatfelv\u00e9tel TELJES<\/legend>\r\n\r\n<div class=\"frm_fields_container\">\n<input type=\"hidden\" name=\"frm_action\" value=\"create\" \/>\n<input type=\"hidden\" name=\"form_id\" value=\"1\" \/>\n<input type=\"hidden\" name=\"frm_hide_fields_1\" id=\"frm_hide_fields_1\" value=\"\" \/>\n<input type=\"hidden\" name=\"form_key\" value=\"contact-form\" \/>\n<input type=\"hidden\" name=\"item_meta[0]\" value=\"\" \/>\n<input type=\"hidden\" id=\"frm_submit_entry_1\" name=\"frm_submit_entry_1\" value=\"35bc15edd7\" \/><input type=\"hidden\" name=\"_wp_http_referer\" value=\"\/index.php?rest_route=%2Fwp%2Fv2%2Fpages%2F10\" \/><div id=\"frm_field_1_container\" class=\"frm_form_field form-field  frm_required_field frm_top_container frm_first frm_half\">\r\n\t<label for=\"field_qh4icy\" id=\"field_qh4icy_label\" class=\"frm_primary_label\">Vezet\u00e9kn\u00e9v\r\n\t\t<span class=\"frm_required\" aria-hidden=\"true\">*<\/span>\r\n\t<\/label>\r\n\t<input type=\"text\" id=\"field_qh4icy\" name=\"item_meta[1]\" value=\"\"  placeholder=\"Szab\u00f3\" data-reqmsg=\"Vezet\u00e9kn\u00e9v cannot be blank.\" aria-required=\"true\" data-invmsg=\"Vezet\u00e9kn\u00e9v is invalid\" aria-invalid=\"false\"  \/>\r\n\t\r\n\t\r\n<\/div>\n<div id=\"frm_field_2_container\" class=\"frm_form_field form-field  frm_required_field frm_hidden_container frm_half\">\r\n\t<label for=\"field_ocfup1\" id=\"field_ocfup1_label\" class=\"frm_primary_label\">Keresztn\u00e9v\r\n\t\t<span class=\"frm_required\" aria-hidden=\"true\">*<\/span>\r\n\t<\/label>\r\n\t<input type=\"text\" id=\"field_ocfup1\" name=\"item_meta[2]\" value=\"\"  placeholder=\"Fanni\" data-reqmsg=\"Keresztn\u00e9v cannot be blank.\" aria-required=\"true\" data-invmsg=\"Keresztn\u00e9v is invalid\" aria-invalid=\"false\"  \/>\r\n\t\r\n\t\r\n<\/div>\n<div id=\"frm_field_8_container\" class=\"frm_form_field form-field  frm_required_field frm_top_container\">\r\n\t<label for=\"field_8sjau\" id=\"field_8sjau_label\" class=\"frm_primary_label\">Telefonsz\u00e1m\r\n\t\t<span class=\"frm_required\" aria-hidden=\"true\">*<\/span>\r\n\t<\/label>\r\n\t<input type=\"tel\" id=\"field_8sjau\" name=\"item_meta[8]\" value=\"+\"  data-frmval=\"+\" placeholder=\"+36301234567\" data-reqmsg=\"Telefonsz\u00e1m cannot be blank.\" aria-required=\"true\" data-invmsg=\"Telefonsz\u00e1m is invalid\" aria-invalid=\"false\" pattern=\"((\\+\\d{1,3}(-|.| )?\\(?\\d\\)?(-| |.)?\\d{1,5})|(\\(?\\d{2,6}\\)?))(-|.| )?(\\d{3,4})(-|.| )?(\\d{4})(( x| ext)\\d{1,5}){0,1}$\"  \/>\r\n\t\r\n\t\r\n<\/div>\n<div id=\"frm_field_3_container\" class=\"frm_form_field form-field  frm_required_field frm_top_container frm_full\">\r\n\t<label for=\"field_29yf4d\" id=\"field_29yf4d_label\" class=\"frm_primary_label\">Email c\u00edm\r\n\t\t<span class=\"frm_required\" aria-hidden=\"true\">*<\/span>\r\n\t<\/label>\r\n\t<input type=\"email\" id=\"field_29yf4d\" name=\"item_meta[3]\" value=\"\"  placeholder=\"szfanni@gmail.com\" data-reqmsg=\"Email c\u00edm cannot be blank.\" aria-required=\"true\" data-invmsg=\"Please enter a valid email address\" aria-invalid=\"false\"  \/>\r\n\t\r\n\t\r\n<\/div>\n<div id=\"frm_field_7_container\" class=\"frm_form_field form-field  frm_required_field frm_top_container\">\r\n\t<label for=\"field_g887i\" id=\"field_g887i_label\" class=\"frm_primary_label\">Szolg\u00e1ltat\u00e1s\r\n\t\t<span class=\"frm_required\" aria-hidden=\"true\">*<\/span>\r\n\t<\/label>\r\n\t\t\t<select name=\"item_meta[7]\" id=\"field_g887i\"  data-reqmsg=\"Szolg\u00e1ltat\u00e1s cannot be blank.\" aria-required=\"true\" data-invmsg=\"Szolg\u00e1ltat\u00e1s is invalid\" aria-invalid=\"false\"  >\n\t\t<option  value=\"K\u00c9RJ\u00dcK V\u00c1LASSZA KI!\">K\u00c9RJ\u00dcK V\u00c1LASSZA KI!<\/option><option  value=\"Jav\u00edt\u00e1si - hegeszt\u00e9si munk\u00e1k\">Jav\u00edt\u00e1si - hegeszt\u00e9si munk\u00e1k<\/option><option  value=\"Kapuk - ker\u00edt\u00e9sek k\u00e9sz\u00edt\u00e9se\">Kapuk - ker\u00edt\u00e9sek k\u00e9sz\u00edt\u00e9se<\/option><option  value=\"Alum\u00ednium hegeszt\u00e9s\">Alum\u00ednium hegeszt\u00e9s<\/option><option  value=\"Egyedi szerkezetek kivitelez\u00e9se\">Egyedi szerkezetek kivitelez\u00e9se<\/option><option  value=\"Biztons\u00e1gi r\u00e1csok kivitelez\u00e9se\">Biztons\u00e1gi r\u00e1csok kivitelez\u00e9se<\/option><option  value=\"M\u0171anyag hegeszt\u00e9s\">M\u0171anyag hegeszt\u00e9s<\/option>\t<\/select>\n\t\r\n\t\r\n\t\r\n<\/div>\n<div id=\"frm_field_5_container\" class=\"frm_form_field form-field  frm_required_field frm_top_container frm_full\">\r\n\t<label for=\"field_9jv0r1\" id=\"field_9jv0r1_label\" class=\"frm_primary_label\">\u00dczenet\r\n\t\t<span class=\"frm_required\" aria-hidden=\"true\">*<\/span>\r\n\t<\/label>\r\n\t<textarea name=\"item_meta[5]\" id=\"field_9jv0r1\" rows=\"5\"  placeholder=\"K\u00e9rj\u00fck \u00edrja le mivel kapcsolatosan tudunk \u00d6nnek seg\u00edteni.\" data-reqmsg=\"\u00dczenet cannot be blank.\" aria-required=\"true\" data-invmsg=\"\u00dczenet is invalid\" aria-invalid=\"false\"  ><\/textarea>\r\n\t\r\n\t\r\n<\/div>\n<div id=\"frm_field_6_container\" class=\"frm_form_field form-field \">\r\n\t<div class=\"frm_submit frm_flex\">\r\n<button class=\"frm_button_submit\" type=\"submit\"  >Bek\u00fcld\u00e9s<\/button>\r\n\r\n\r\n\r\n<\/div>\r\n<\/div>\n\t<input type=\"hidden\" name=\"item_key\" value=\"\" \/>\n\t\t\t<div id=\"frm_field_20_container\">\n\t\t\t<label for=\"field_cy97p\" >\n\t\t\t\tIf you are human, leave this field blank.\t\t\t<\/label>\n\t\t\t<input  id=\"field_cy97p\" type=\"text\" class=\"frm_form_field form-field frm_verify\" name=\"item_meta[20]\" value=\"\"  \/>\n\t\t<\/div>\n\t\t<input name=\"frm_state\" type=\"hidden\" value=\"KlAVpf71ZivicxUAfPE+l0dmRnuEy4iO\/G1hDWkhOd0=\" \/><\/div>\n<\/fieldset>\n<\/div>\n\n<\/form>\n<\/div>\n\t\t\t\t<\/div>\n\t\t\t\t<\/div>\n\t\t\t\t\t<\/div>\n\t\t\t\t<\/div>\n\t\t\t\t<\/div>\n\t\t","protected":false},"excerpt":{"rendered":"<p>Aj\u00e1nlatk\u00e9r\u00e9s Contact Us Vezet\u00e9kn\u00e9v * Keresztn\u00e9v * Telefonsz\u00e1m * Email c\u00edm * Szolg\u00e1ltat\u00e1s * K\u00c9RJ\u00dcK V\u00c1LASSZA KI!Jav\u00edt\u00e1si &#8211; hegeszt\u00e9si munk\u00e1kKapuk &#8211; ker\u00edt\u00e9sek k\u00e9sz\u00edt\u00e9seAlum\u00ednium hegeszt\u00e9sEgyedi szerkezetek kivitelez\u00e9seBiztons\u00e1gi r\u00e1csok kivitelez\u00e9seM\u0171anyag hegeszt\u00e9s \u00dczenet * Bek\u00fcld\u00e9s If you are human, leave this field blank.<\/p>\n","protected":false},"author":1,"featured_media":0,"parent":0,"menu_order":0,"comment_status":"closed","ping_status":"closed","template":"elementor_canvas","meta":{"footnotes":""},"class_list":["post-10","page","type-page","status-publish","hentry"],"_links":{"self":[{"href":"https:\/\/metalvedelem.hu\/index.php?rest_route=\/wp\/v2\/pages\/10","targetHints":{"allow":["GET"]}}],"collection":[{"href":"https:\/\/metalvedelem.hu\/index.php?rest_route=\/wp\/v2\/pages"}],"about":[{"href":"https:\/\/metalvedelem.hu\/index.php?rest_route=\/wp\/v2\/types\/page"}],"author":[{"embeddable":true,"href":"https:\/\/metalvedelem.hu\/index.php?rest_route=\/wp\/v2\/users\/1"}],"replies":[{"embeddable":true,"href":"https:\/\/metalvedelem.hu\/index.php?rest_route=%2Fwp%2Fv2%2Fcomments&post=10"}],"version-history":[{"count":10,"href":"https:\/\/metalvedelem.hu\/index.php?rest_route=\/wp\/v2\/pages\/10\/revisions"}],"predecessor-version":[{"id":1073,"href":"https:\/\/metalvedelem.hu\/index.php?rest_route=\/wp\/v2\/pages\/10\/revisions\/1073"}],"wp:attachment":[{"href":"https:\/\/metalvedelem.hu\/index.php?rest_route=%2Fwp%2Fv2%2Fmedia&parent=10"}],"curies":[{"name":"wp","href":"https:\/\/api.w.org\/{rel}","templated":true}]}}